{"id":3912,"date":"2020-09-22T21:08:22","date_gmt":"2020-09-22T19:08:22","guid":{"rendered":"http:\/\/przedszkole182-krakow.edu.pl\/?page_id=3912"},"modified":"2026-04-10T14:48:49","modified_gmt":"2026-04-10T12:48:49","slug":"deklaracja-dostepnosci-3","status":"publish","type":"page","link":"https:\/\/przedszkole182-krakow.edu.pl\/?page_id=3912","title":{"rendered":"Deklaracja dost\u0119pno\u015bci 2026"},"content":{"rendered":"\n<div data-wp-interactive=\"core\/file\" class=\"wp-block-file\"><object data-wp-bind--hidden=\"!state.hasPdfPreview\" hidden class=\"wp-block-file__embed\" data=\"https:\/\/przedszkole182-krakow.edu.pl\/wp-content\/uploads\/2025\/03\/Dostepnosc-P182.pdf\" type=\"application\/pdf\" style=\"width:100%;height:600px\" aria-label=\"Osadzone z Dostepnosc-P182.\"><\/object><a id=\"wp-block-file--media-b46aa66d-7983-4f73-becc-4370e5f97955\" href=\"https:\/\/przedszkole182-krakow.edu.pl\/wp-content\/uploads\/2025\/03\/Dostepnosc-P182.pdf\">Dostepnosc-P182<\/a><a href=\"https:\/\/przedszkole182-krakow.edu.pl\/wp-content\/uploads\/2025\/03\/Dostepnosc-P182.pdf\" class=\"wp-block-file__button wp-element-button\" download aria-describedby=\"wp-block-file--media-b46aa66d-7983-4f73-becc-4370e5f97955\">Pobierz<\/a><\/div>\n\n\n\n<p>Raport o stanie dost\u0119pno\u015bci podmiotu publicznego Samorz\u0105dowe Przedszkole nr 182 &#8211; 2025<\/p>\n\n\n\n<div class=\"wp-block-file\"><a id=\"wp-block-file--media-79317354-0ebf-4b56-b56a-2ff7571a2755\" href=\"https:\/\/przedszkole182-krakow.edu.pl\/wp-content\/uploads\/2024\/03\/Dostepnosc-P182-1.pdf\" target=\"_blank\" rel=\"noreferrer noopener\">DEKLARACJA DOST\u0118PNO\u015aCI \u2013 SAMORZ\u0104DOWE PRZEDSZKOLE NR 182<\/a><a href=\"https:\/\/przedszkole182-krakow.edu.pl\/wp-content\/uploads\/2024\/03\/Dostepnosc-P182-1.pdf\" class=\"wp-block-file__button wp-element-button\" download aria-describedby=\"wp-block-file--media-79317354-0ebf-4b56-b56a-2ff7571a2755\">Pobierz<\/a><\/div>\n\n\n\n<div class=\"wp-block-file\"><a id=\"wp-block-file--media-50e08ddc-d1a9-4de9-843a-573f63f29461\" href=\"http:\/\/przedszkole182-krakow.edu.pl\/wp-content\/uploads\/2022\/03\/PLAN-DZIA\u0141A\u0143-NA-RZECZ-POPRAWY-ZAPEWNIENIA-DOST\u0118PNO\u015aCI-OSOBOM-ZE-SZCZEG\u00d3LNYMI-POTRZEBAMI.docx\">PLAN DZIA\u0141A\u0143 NA RZECZ POPRAWY ZAPEWNIENIA DOST\u0118PNO\u015aCI OSOBOM ZE SZCZEG\u00d3LNYMI POTRZEBAMI<\/a><a href=\"http:\/\/przedszkole182-krakow.edu.pl\/wp-content\/uploads\/2022\/03\/PLAN-DZIA\u0141A\u0143-NA-RZECZ-POPRAWY-ZAPEWNIENIA-DOST\u0118PNO\u015aCI-OSOBOM-ZE-SZCZEG\u00d3LNYMI-POTRZEBAMI.docx\" class=\"wp-block-file__button wp-element-button\" download aria-describedby=\"wp-block-file--media-50e08ddc-d1a9-4de9-843a-573f63f29461\">Pobierz<\/a><\/div>\n\n\n\n<p>Za\u0142\u0105cznik: <a href=\"http:\/\/przedszkole182-krakow.edu.pl\/wp-content\/uploads\/2021\/03\/Deklaracja-dost%C4%99pno%C5%9Bci.pdf\">Raport o stanie zapewniania dost\u0119pno\u015bci podmiotu publicznego<\/a><\/p>\n\n\n\n<p><\/p>\n","protected":false},"excerpt":{"rendered":"<p>Raport o stanie dost\u0119pno\u015bci podmiotu publicznego Samorz\u0105dowe Przedszkole nr 182 &#8211; 2025 Za\u0142\u0105cznik: Raport o stanie zapewniania dost\u0119pno\u015bci podmiotu publicznego<\/p>\n","protected":false},"author":3,"featured_media":0,"parent":0,"menu_order":0,"comment_status":"closed","ping_status":"closed","template":"","meta":{"footnotes":""},"class_list":["post-3912","page","type-page","status-publish","hentry"],"_links":{"self":[{"href":"https:\/\/przedszkole182-krakow.edu.pl\/index.php?rest_route=\/wp\/v2\/pages\/3912","targetHints":{"allow":["GET"]}}],"collection":[{"href":"https:\/\/przedszkole182-krakow.edu.pl\/index.php?rest_route=\/wp\/v2\/pages"}],"about":[{"href":"https:\/\/przedszkole182-krakow.edu.pl\/index.php?rest_route=\/wp\/v2\/types\/page"}],"author":[{"embeddable":true,"href":"https:\/\/przedszkole182-krakow.edu.pl\/index.php?rest_route=\/wp\/v2\/users\/3"}],"replies":[{"embeddable":true,"href":"https:\/\/przedszkole182-krakow.edu.pl\/index.php?rest_route=%2Fwp%2Fv2%2Fcomments&post=3912"}],"version-history":[{"count":35,"href":"https:\/\/przedszkole182-krakow.edu.pl\/index.php?rest_route=\/wp\/v2\/pages\/3912\/revisions"}],"predecessor-version":[{"id":12593,"href":"https:\/\/przedszkole182-krakow.edu.pl\/index.php?rest_route=\/wp\/v2\/pages\/3912\/revisions\/12593"}],"wp:attachment":[{"href":"https:\/\/przedszkole182-krakow.edu.pl\/index.php?rest_route=%2Fwp%2Fv2%2Fmedia&parent=3912"}],"curies":[{"name":"wp","href":"https:\/\/api.w.org\/{rel}","templated":true}]}}