{"id":4695,"date":"2021-01-14T20:48:16","date_gmt":"2021-01-14T19:48:16","guid":{"rendered":"http:\/\/przedszkole182-krakow.edu.pl\/?page_id=4695"},"modified":"2021-01-14T20:59:55","modified_gmt":"2021-01-14T19:59:55","slug":"remonty-2021","status":"publish","type":"page","link":"https:\/\/przedszkole182-krakow.edu.pl\/?page_id=4695","title":{"rendered":"Remonty 2021"},"content":{"rendered":"\n<p>Plan postepowa\u0144 o udzielnie zam\u00f3wie\u0144 publicznych planowanych do przeprowadzenia przez Samorz\u0105dowe Przedszkole nr 182 w roku 2021 <\/p>\n\n\n\n<figure class=\"wp-block-table is-style-regular\"><table class=\"\" style=\"font-size:11px\"><tbody><tr><td class=\"has-text-align-center\" data-align=\"center\">Poz.<\/td><td class=\"has-text-align-center\" data-align=\"center\">Przedmiot zam\u00f3wienia<\/td><td class=\"has-text-align-center\" data-align=\"center\">CPV<\/td><td class=\"has-text-align-center\" data-align=\"center\">Rodzaj zam\u00f3wienia<\/td><td class=\"has-text-align-center\" data-align=\"center\">Przewidywany tryb udzielenia zam\u00f3wienia\/ procedury udzielenia zam\u00f3wienia <\/td><td class=\"has-text-align-center\" data-align=\"center\">Orientacyjna warto\u015b\u0107 zam\u00f3wienia (bez VAT)<\/td><td class=\"has-text-align-center\" data-align=\"center\">Przewidywany termin wszcz\u0119cia post\u0119powania \/kwarta\u0142\/ <\/td><td class=\"has-text-align-center\" data-align=\"center\">Uwagi<\/td><\/tr><tr><td class=\"has-text-align-center\" data-align=\"center\">1<\/td><td class=\"has-text-align-center\" data-align=\"center\">2<\/td><td class=\"has-text-align-center\" data-align=\"center\">3<\/td><td class=\"has-text-align-center\" data-align=\"center\">4<\/td><td class=\"has-text-align-center\" data-align=\"center\">5<\/td><td class=\"has-text-align-center\" data-align=\"center\">6<\/td><td class=\"has-text-align-center\" data-align=\"center\">7<\/td><td class=\"has-text-align-center\" data-align=\"center\">8<\/td><\/tr><tr><td class=\"has-text-align-center\" data-align=\"center\">1<\/td><td class=\"has-text-align-center\" data-align=\"center\">Remont ogrodzenia w Przedszkolu Samorz\u0105dowym Nr 182, os. Dywizjonu 303 12 <\/td><td class=\"has-text-align-center\" data-align=\"center\"> 45.00.00.00-7; <\/td><td class=\"has-text-align-center\" data-align=\"center\">Roboty budowlane <\/td><td class=\"has-text-align-center\" data-align=\"center\">Tryb podstawowy <\/td><td class=\"has-text-align-center\" data-align=\"center\"> 195 000 z\u0142 <\/td><td class=\"has-text-align-center\" data-align=\"center\">II<\/td><td class=\"has-text-align-center\" data-align=\"center\"><\/td><\/tr><\/tbody><\/table><\/figure>\n","protected":false},"excerpt":{"rendered":"<p>Plan postepowa\u0144 o udzielnie zam\u00f3wie\u0144 publicznych planowanych do przeprowadzenia przez Samorz\u0105dowe Przedszkole nr 182 w roku 2021 Poz. Przedmiot zam\u00f3wienia CPV Rodzaj zam\u00f3wienia Przewidywany tryb udzielenia zam\u00f3wienia\/ procedury udzielenia zam\u00f3wienia Orientacyjna warto\u015b\u0107 zam\u00f3wienia (bez VAT) Przewidywany termin wszcz\u0119cia post\u0119powania \/kwarta\u0142\/ Uwagi 1 2 3 4 5 6 7 8 1 Remont ogrodzenia w Przedszkolu Samorz\u0105dowym [&hellip;]<\/p>\n","protected":false},"author":3,"featured_media":0,"parent":4699,"menu_order":0,"comment_status":"closed","ping_status":"closed","template":"","meta":{"footnotes":""},"class_list":["post-4695","page","type-page","status-publish","hentry"],"_links":{"self":[{"href":"https:\/\/przedszkole182-krakow.edu.pl\/index.php?rest_route=\/wp\/v2\/pages\/4695","targetHints":{"allow":["GET"]}}],"collection":[{"href":"https:\/\/przedszkole182-krakow.edu.pl\/index.php?rest_route=\/wp\/v2\/pages"}],"about":[{"href":"https:\/\/przedszkole182-krakow.edu.pl\/index.php?rest_route=\/wp\/v2\/types\/page"}],"author":[{"embeddable":true,"href":"https:\/\/przedszkole182-krakow.edu.pl\/index.php?rest_route=\/wp\/v2\/users\/3"}],"replies":[{"embeddable":true,"href":"https:\/\/przedszkole182-krakow.edu.pl\/index.php?rest_route=%2Fwp%2Fv2%2Fcomments&post=4695"}],"version-history":[{"count":4,"href":"https:\/\/przedszkole182-krakow.edu.pl\/index.php?rest_route=\/wp\/v2\/pages\/4695\/revisions"}],"predecessor-version":[{"id":4704,"href":"https:\/\/przedszkole182-krakow.edu.pl\/index.php?rest_route=\/wp\/v2\/pages\/4695\/revisions\/4704"}],"up":[{"embeddable":true,"href":"https:\/\/przedszkole182-krakow.edu.pl\/index.php?rest_route=\/wp\/v2\/pages\/4699"}],"wp:attachment":[{"href":"https:\/\/przedszkole182-krakow.edu.pl\/index.php?rest_route=%2Fwp%2Fv2%2Fmedia&parent=4695"}],"curies":[{"name":"wp","href":"https:\/\/api.w.org\/{rel}","templated":true}]}}