{"id":4699,"date":"2021-01-14T20:50:13","date_gmt":"2021-01-14T19:50:13","guid":{"rendered":"http:\/\/przedszkole182-krakow.edu.pl\/?page_id=4699"},"modified":"2025-02-10T16:29:00","modified_gmt":"2025-02-10T15:29:00","slug":"remonty","status":"publish","type":"page","link":"https:\/\/przedszkole182-krakow.edu.pl\/?page_id=4699","title":{"rendered":"Remonty 2025"},"content":{"rendered":"\n<p>Plan post\u0119powa\u0144 na 2025 r. <\/p>\n\n\n\n<div data-wp-interactive=\"core\/file\" class=\"wp-block-file\"><object data-wp-bind--hidden=\"!state.hasPdfPreview\" hidden class=\"wp-block-file__embed\" data=\"https:\/\/przedszkole182-krakow.edu.pl\/wp-content\/uploads\/2025\/02\/2025_BZP-00045544_02_P-1-1.pdf\" type=\"application\/pdf\" style=\"width:100%;height:600px\" aria-label=\"Osadzone z 2025_BZP 00045544_02_P (1).\"><\/object><a id=\"wp-block-file--media-3a85c137-935f-4981-a091-8544ec99939e\" href=\"https:\/\/przedszkole182-krakow.edu.pl\/wp-content\/uploads\/2025\/02\/2025_BZP-00045544_02_P-1-1.pdf\">2025_BZP 00045544_02_P (1)<\/a><a href=\"https:\/\/przedszkole182-krakow.edu.pl\/wp-content\/uploads\/2025\/02\/2025_BZP-00045544_02_P-1-1.pdf\" class=\"wp-block-file__button wp-element-button\" download aria-describedby=\"wp-block-file--media-3a85c137-935f-4981-a091-8544ec99939e\">Pobierz<\/a><\/div>\n\n\n\n<p><\/p>\n\n\n\n<p><\/p>\n\n\n\n<p><\/p>\n\n\n\n<p><\/p>\n\n\n\n<p><\/p>\n\n\n\n<p><\/p>\n\n\n\n<p>Remonty 2025<\/p>\n\n\n\n<p>Modernizacja dachu ( docieplenie) w budynku Samorz\u0105dowego Przedszkola nr 182 &#8211; II kwarta\u0142 2025 r<\/p>\n\n\n\n<div data-wp-interactive=\"core\/file\" class=\"wp-block-file\"><object data-wp-bind--hidden=\"!state.hasPdfPreview\" hidden class=\"wp-block-file__embed\" data=\"https:\/\/przedszkole182-krakow.edu.pl\/wp-content\/uploads\/2025\/01\/2025_BZP-00045544_01_P.pdf\" type=\"application\/pdf\" style=\"width:100%;height:600px\" aria-label=\"Osadzone z 2025_BZP 00045544_01_P.\"><\/object><a id=\"wp-block-file--media-9f23b957-4a72-4074-89cd-dd7e1b3d52e6\" href=\"https:\/\/przedszkole182-krakow.edu.pl\/wp-content\/uploads\/2025\/01\/2025_BZP-00045544_01_P.pdf\">2025_BZP 00045544_01_P<\/a><a href=\"https:\/\/przedszkole182-krakow.edu.pl\/wp-content\/uploads\/2025\/01\/2025_BZP-00045544_01_P.pdf\" class=\"wp-block-file__button wp-element-button\" download aria-describedby=\"wp-block-file--media-9f23b957-4a72-4074-89cd-dd7e1b3d52e6\">Pobierz<\/a><\/div>\n\n\n\n<p><\/p>\n\n\n\n<p><\/p>\n\n\n\n\n\n<ul class=\"wp-block-list\">\n<li><a href=\"http:\/\/przedszkole182-krakow.edu.pl\/?page_id=4695\">Remonty 2021<\/a><\/li>\n<\/ul>\n\n\n\n<div class=\"wp-block-file\"><a id=\"wp-block-file--media-48a19f9b-4807-461b-9f95-85b1ce24e7cf\" href=\"http:\/\/przedszkole182-krakow.edu.pl\/wp-content\/uploads\/2021\/02\/2021_BZP-00006735_01_P.pdf\">PLAN POST\u0118POWA\u0143 O UDZIELENIE ZAM\u00d3WIE\u0143 NA ROK 2021\/BZP 00006735\/01\/P<\/a><a href=\"http:\/\/przedszkole182-krakow.edu.pl\/wp-content\/uploads\/2021\/02\/2021_BZP-00006735_01_P.pdf\" class=\"wp-block-file__button wp-element-button\" download aria-describedby=\"wp-block-file--media-48a19f9b-4807-461b-9f95-85b1ce24e7cf\">Pobierz<\/a><\/div>\n","protected":false},"excerpt":{"rendered":"<p>Plan post\u0119powa\u0144 na 2025 r. Remonty 2025 Modernizacja dachu ( docieplenie) w budynku Samorz\u0105dowego Przedszkola nr 182 &#8211; II kwarta\u0142 2025 r<\/p>\n","protected":false},"author":5,"featured_media":0,"parent":0,"menu_order":0,"comment_status":"closed","ping_status":"closed","template":"","meta":{"footnotes":""},"class_list":["post-4699","page","type-page","status-publish","hentry"],"_links":{"self":[{"href":"https:\/\/przedszkole182-krakow.edu.pl\/index.php?rest_route=\/wp\/v2\/pages\/4699","targetHints":{"allow":["GET"]}}],"collection":[{"href":"https:\/\/przedszkole182-krakow.edu.pl\/index.php?rest_route=\/wp\/v2\/pages"}],"about":[{"href":"https:\/\/przedszkole182-krakow.edu.pl\/index.php?rest_route=\/wp\/v2\/types\/page"}],"author":[{"embeddable":true,"href":"https:\/\/przedszkole182-krakow.edu.pl\/index.php?rest_route=\/wp\/v2\/users\/5"}],"replies":[{"embeddable":true,"href":"https:\/\/przedszkole182-krakow.edu.pl\/index.php?rest_route=%2Fwp%2Fv2%2Fcomments&post=4699"}],"version-history":[{"count":11,"href":"https:\/\/przedszkole182-krakow.edu.pl\/index.php?rest_route=\/wp\/v2\/pages\/4699\/revisions"}],"predecessor-version":[{"id":8775,"href":"https:\/\/przedszkole182-krakow.edu.pl\/index.php?rest_route=\/wp\/v2\/pages\/4699\/revisions\/8775"}],"wp:attachment":[{"href":"https:\/\/przedszkole182-krakow.edu.pl\/index.php?rest_route=%2Fwp%2Fv2%2Fmedia&parent=4699"}],"curies":[{"name":"wp","href":"https:\/\/api.w.org\/{rel}","templated":true}]}}